{"id":1024,"date":"2024-07-17T13:00:19","date_gmt":"2024-07-17T11:00:19","guid":{"rendered":"https:\/\/botanicasaludable.com\/?page_id=1024"},"modified":"2025-03-06T06:29:03","modified_gmt":"2025-03-06T05:29:03","slug":"cistitis","status":"publish","type":"page","link":"https:\/\/botanicasaludable.com\/index.php\/patologias\/cistitis\/","title":{"rendered":"CISTITIS"},"content":{"rendered":"\n<h3 class=\"wp-block-heading has-text-align-center\"><mark style=\"background-color:rgba(0, 0, 0, 0)\" class=\"has-inline-color has-primary-color\">Las Mejores Plantas Medicinales para Tratar la Cistitis<\/mark><\/h3>\n\n\n\n<p>La cistitis es una infecci\u00f3n urinaria com\u00fan que afecta principalmente a las mujeres, causando dolor y ardor al orinar, urgencia frecuente, y malestar general. <\/p>\n\n\n\n<p>Aunque los antibi\u00f3ticos suelen ser la primera l\u00ednea de tratamiento, el uso de plantas medicinales puede ser una excelente alternativa o complemento natural, existen algunas hierbas que tienen propiedades diur\u00e9ticas, antiinflamatorias y antibacterianas que ayudan a combatir la infecci\u00f3n y aliviar los s\u00edntomas de manera efectiva.<\/p>\n\n\n\n<p>Entre las plantas m\u00e1s recomendadas para tratar la cistitis se encuentran el <strong><mark style=\"background-color:rgba(0, 0, 0, 0)\" class=\"has-inline-color has-primary-color\">ar\u00e1ndano, la cola de caballo, la gayuba, el diente de le\u00f3n, el perejil, el tomillo y la ortiga<\/mark><\/strong>, estas hierbas no solo mejoran la salud del tracto urinario, sino que tambi\u00e9n promueven la eliminaci\u00f3n de toxinas y fortalecen el sistema inmune para evitar recurrencias.<\/p>\n\n\n\n<p>Incorporar estas plantas medicinales a tu rutina diaria a trav\u00e9s de infusiones o suplementos puede proporcionar un alivio natural y ayudar a prevenir infecciones futuras. Con propiedades que van desde su capacidad diur\u00e9tica hasta su acci\u00f3n antiinflamatoria, estas hierbas son una opci\u00f3n efectiva y segura para combatir la cistitis y mejorar tu bienestar general.<\/p>\n\n\n\n<hr class=\"wp-block-separator has-alpha-channel-opacity\"\/>\n\n\n\n<div style=\"height:100px\" aria-hidden=\"true\" class=\"wp-block-spacer\"><\/div>\n\n\n\n<h2 class=\"wp-block-heading has-text-align-center\"><mark style=\"background-color:rgba(0, 0, 0, 0)\" class=\"has-inline-color has-primary-color\">1. <strong>Ar\u00e1ndano<\/strong> ( Vaccinum Myrtillus)<\/mark><\/h2>\n\n\n\n<div class=\"wp-block-columns is-layout-flex wp-container-core-columns-layout-1 wp-block-columns-is-layout-flex\">\n<div class=\"wp-block-column is-layout-flow wp-block-column-is-layout-flow\">\n<figure class=\"wp-block-gallery has-nested-images columns-default is-cropped wp-block-gallery-1 is-layout-flex wp-block-gallery-is-layout-flex\">\n<figure class=\"wp-block-image size-large\"><a href=\"https:\/\/botanicasaludable.com\/index.php\/de-la-a-l\/con-la-letra-a\/arandanos\/\"><img loading=\"lazy\" decoding=\"async\" width=\"281\" height=\"281\" src=\"https:\/\/botanicasaludable.com\/wp-content\/uploads\/2024\/09\/antioxidantes-edited-1.jpeg\" alt=\"\" class=\"wp-image-2427\" srcset=\"https:\/\/botanicasaludable.com\/wp-content\/uploads\/2024\/09\/antioxidantes-edited-1.jpeg 281w, https:\/\/botanicasaludable.com\/wp-content\/uploads\/2024\/09\/antioxidantes-edited-1-150x150.jpeg 150w\" sizes=\"(max-width: 281px) 100vw, 281px\" \/><\/a><\/figure>\n<\/figure>\n<\/div>\n\n\n\n<div class=\"wp-block-column is-layout-flow wp-block-column-is-layout-flow\">\n<p>El ar\u00e1ndano es una de las plantas m\u00e1s eficaces para tratar la cistitis, gracias a su contenido de proantocianidinas, compuestos que impiden que las bacterias se adhieran a las paredes del tracto urinario. <\/p>\n\n\n\n<p>Esto reduce el riesgo de infecciones y promueve la eliminaci\u00f3n de microorganismos da\u00f1inos a trav\u00e9s de la orina. <\/p>\n\n\n\n<p>Adem\u00e1s, el ar\u00e1ndano tiene propiedades antioxidantes que fortalecen el sistema inmunol\u00f3gico, ayudando a prevenir la recurrencia de la cistitis. <\/p>\n\n\n\n<p>Es recomendable consumirlo en jugos o suplementos para obtener sus beneficios.<\/p>\n\n\n\n<p>Puede acceder al art\u00edculo completo <a href=\"https:\/\/botanicasaludable.com\/index.php\/de-la-a-l\/con-la-letra-a\/arandanos\/\" target=\"_blank\" rel=\"noopener\" title=\"\">aqu\u00ed.<\/a><\/p>\n<\/div>\n<\/div>\n\n\n\n<div style=\"height:100px\" aria-hidden=\"true\" class=\"wp-block-spacer\"><\/div>\n\n\n\n<h2 class=\"wp-block-heading has-text-align-center\"><mark style=\"background-color:rgba(0, 0, 0, 0)\" class=\"has-inline-color has-primary-color\">2. <strong>Cola de caballo<\/strong> ( Equisetum Arvense)<\/mark><\/h2>\n\n\n\n<div class=\"wp-block-columns is-layout-flex wp-container-core-columns-layout-2 wp-block-columns-is-layout-flex\">\n<div class=\"wp-block-column is-layout-flow wp-block-column-is-layout-flow\">\n<figure class=\"wp-block-gallery has-nested-images columns-default is-cropped wp-block-gallery-2 is-layout-flex wp-block-gallery-is-layout-flex\">\n<figure class=\"wp-block-image size-large\"><a href=\"https:\/\/botanicasaludable.com\/index.php\/de-la-a-l\/con-la-letra-c\/cola-de-caballo\/\"><img loading=\"lazy\" decoding=\"async\" width=\"333\" height=\"333\" src=\"https:\/\/botanicasaludable.com\/wp-content\/uploads\/2024\/09\/cola-de-caballo-3-edited.jpg\" alt=\"\" class=\"wp-image-2428\" srcset=\"https:\/\/botanicasaludable.com\/wp-content\/uploads\/2024\/09\/cola-de-caballo-3-edited.jpg 333w, https:\/\/botanicasaludable.com\/wp-content\/uploads\/2024\/09\/cola-de-caballo-3-edited-300x300.jpg 300w, https:\/\/botanicasaludable.com\/wp-content\/uploads\/2024\/09\/cola-de-caballo-3-edited-150x150.jpg 150w\" sizes=\"(max-width: 333px) 100vw, 333px\" \/><\/a><\/figure>\n<\/figure>\n<\/div>\n\n\n\n<div class=\"wp-block-column is-layout-flow wp-block-column-is-layout-flow\">\n<p>La cola de caballo es conocida por sus potentes propiedades diur\u00e9ticas, lo que la convierte en una excelente opci\u00f3n para tratar la cistitis. <\/p>\n\n\n\n<p>Al aumentar la producci\u00f3n de orina, esta planta ayuda a eliminar las bacterias del tracto urinario de manera m\u00e1s r\u00e1pida y eficiente. <\/p>\n\n\n\n<p>Adem\u00e1s, tiene un efecto antiinflamatorio que alivia el dolor y la irritaci\u00f3n de las v\u00edas urinarias, promoviendo una recuperaci\u00f3n m\u00e1s r\u00e1pida. <\/p>\n\n\n\n<p>Es ideal consumirla en forma de infusiones o extractos.<\/p>\n\n\n\n<p>Puede acceder al art\u00edculo completo<a href=\"https:\/\/botanicasaludable.com\/index.php\/de-la-a-l\/con-la-letra-c\/cola-de-caballo\/\" target=\"_blank\" rel=\"noopener\" title=\"\"> aqu\u00ed.<\/a><\/p>\n<\/div>\n<\/div>\n\n\n\n<div style=\"height:100px\" aria-hidden=\"true\" class=\"wp-block-spacer\"><\/div>\n\n\n\n<h2 class=\"wp-block-heading has-text-align-center\"><mark style=\"background-color:rgba(0, 0, 0, 0)\" class=\"has-inline-color has-primary-color\">3. <strong>Gayuba<\/strong> ( Arctostaphylos uva-ursi)<\/mark><\/h2>\n\n\n\n<div class=\"wp-block-columns is-layout-flex wp-container-core-columns-layout-3 wp-block-columns-is-layout-flex\">\n<div class=\"wp-block-column is-layout-flow wp-block-column-is-layout-flow\">\n<figure class=\"wp-block-gallery has-nested-images columns-default is-cropped wp-block-gallery-3 is-layout-flex wp-block-gallery-is-layout-flex\">\n<figure class=\"wp-block-image size-large\"><img loading=\"lazy\" decoding=\"async\" width=\"375\" height=\"375\" src=\"https:\/\/botanicasaludable.com\/wp-content\/uploads\/2024\/09\/gayuba-edited.jpeg\" alt=\"\" class=\"wp-image-2430\" srcset=\"https:\/\/botanicasaludable.com\/wp-content\/uploads\/2024\/09\/gayuba-edited.jpeg 375w, https:\/\/botanicasaludable.com\/wp-content\/uploads\/2024\/09\/gayuba-edited-300x300.jpeg 300w, https:\/\/botanicasaludable.com\/wp-content\/uploads\/2024\/09\/gayuba-edited-150x150.jpeg 150w\" sizes=\"(max-width: 375px) 100vw, 375px\" \/><\/figure>\n<\/figure>\n<\/div>\n\n\n\n<div class=\"wp-block-column is-layout-flow wp-block-column-is-layout-flow\">\n<p>La gayuba es una planta tradicionalmente utilizada para tratar infecciones del tracto urinario, como la cistitis. <\/p>\n\n\n\n<p>Su principal compuesto activo, la arbutina, tiene propiedades antibacterianas que ayudan a eliminar las bacterias que causan la infecci\u00f3n. <\/p>\n\n\n\n<p>Adem\u00e1s, act\u00faa como un suave diur\u00e9tico, facilitando la eliminaci\u00f3n de toxinas a trav\u00e9s de la orina. <\/p>\n\n\n\n<p>Se recomienda tomarla en forma de t\u00e9 o c\u00e1psulas para un tratamiento natural y eficaz de la cistitis.<\/p>\n<\/div>\n<\/div>\n\n\n\n<div style=\"height:100px\" aria-hidden=\"true\" class=\"wp-block-spacer\"><\/div>\n\n\n\n<h2 class=\"wp-block-heading has-text-align-center\"><mark style=\"background-color:rgba(0, 0, 0, 0)\" class=\"has-inline-color has-primary-color\">4. <strong>Diente de le\u00f3n<\/strong> ( taraxacum officinale)<\/mark><\/h2>\n\n\n\n<div class=\"wp-block-columns is-layout-flex wp-container-core-columns-layout-4 wp-block-columns-is-layout-flex\">\n<div class=\"wp-block-column is-layout-flow wp-block-column-is-layout-flow\">\n<figure class=\"wp-block-gallery has-nested-images columns-default is-cropped wp-block-gallery-4 is-layout-flex wp-block-gallery-is-layout-flex\">\n<figure class=\"wp-block-image size-large\"><a href=\"https:\/\/botanicasaludable.com\/index.php\/de-la-a-l\/con-la-letra-d\/diente-de-leon\/\"><img loading=\"lazy\" decoding=\"async\" width=\"500\" height=\"500\" src=\"https:\/\/botanicasaludable.com\/wp-content\/uploads\/2024\/09\/diente-de-leon-2-edited.jpg\" alt=\"\" class=\"wp-image-2431\" srcset=\"https:\/\/botanicasaludable.com\/wp-content\/uploads\/2024\/09\/diente-de-leon-2-edited.jpg 500w, https:\/\/botanicasaludable.com\/wp-content\/uploads\/2024\/09\/diente-de-leon-2-edited-300x300.jpg 300w, https:\/\/botanicasaludable.com\/wp-content\/uploads\/2024\/09\/diente-de-leon-2-edited-150x150.jpg 150w\" sizes=\"(max-width: 500px) 100vw, 500px\" \/><\/a><\/figure>\n<\/figure>\n<\/div>\n\n\n\n<div class=\"wp-block-column is-layout-flow wp-block-column-is-layout-flow\">\n<p>El diente de le\u00f3n es una planta medicinal con potentes propiedades diur\u00e9ticas, lo que ayuda a aumentar la producci\u00f3n de orina y a eliminar las bacterias del tracto urinario. <\/p>\n\n\n\n<p>Adem\u00e1s, su acci\u00f3n antiinflamatoria ayuda a reducir el dolor y la irritaci\u00f3n asociados con la cistitis. <\/p>\n\n\n\n<p>El diente de le\u00f3n tambi\u00e9n es rico en antioxidantes, que fortalecen el sistema inmunol\u00f3gico y previenen futuras infecciones. <\/p>\n\n\n\n<p>Es muy com\u00fan su uso en infusiones para tratar problemas urinarios.<\/p>\n\n\n\n<p>Puede acceder al art\u00edculo completo <a href=\"https:\/\/botanicasaludable.com\/index.php\/de-la-a-l\/con-la-letra-d\/diente-de-leon\/\" target=\"_blank\" rel=\"noopener\" title=\"\">aqu\u00ed.<\/a><\/p>\n<\/div>\n<\/div>\n\n\n\n<div style=\"height:100px\" aria-hidden=\"true\" class=\"wp-block-spacer\"><\/div>\n\n\n\n<h2 class=\"wp-block-heading has-text-align-center\"><mark style=\"background-color:rgba(0, 0, 0, 0)\" class=\"has-inline-color has-primary-color\">5. <strong>Perejil<\/strong> ( Petroselinum Crispum)<\/mark><\/h2>\n\n\n\n<div class=\"wp-block-columns is-layout-flex wp-container-core-columns-layout-5 wp-block-columns-is-layout-flex\">\n<div class=\"wp-block-column is-layout-flow wp-block-column-is-layout-flow\">\n<figure class=\"wp-block-gallery has-nested-images columns-default is-cropped wp-block-gallery-5 is-layout-flex wp-block-gallery-is-layout-flex\">\n<figure class=\"wp-block-image size-large\"><a href=\"https:\/\/botanicasaludable.com\/index.php\/de-la-m-z\/con-la-p\/perejil\/\"><img loading=\"lazy\" decoding=\"async\" width=\"500\" height=\"500\" src=\"https:\/\/botanicasaludable.com\/wp-content\/uploads\/2024\/09\/perejil-edited.jpeg\" alt=\"\" class=\"wp-image-2102\" srcset=\"https:\/\/botanicasaludable.com\/wp-content\/uploads\/2024\/09\/perejil-edited.jpeg 500w, https:\/\/botanicasaludable.com\/wp-content\/uploads\/2024\/09\/perejil-edited-300x300.jpeg 300w, https:\/\/botanicasaludable.com\/wp-content\/uploads\/2024\/09\/perejil-edited-150x150.jpeg 150w\" sizes=\"(max-width: 500px) 100vw, 500px\" \/><\/a><\/figure>\n<\/figure>\n<\/div>\n\n\n\n<div class=\"wp-block-column is-layout-flow wp-block-column-is-layout-flow\">\n<p>El perejil es una hierba con propiedades diur\u00e9ticas y antiinflamatorias que lo hacen ideal para tratar la cistitis, al aumentar la cantidad de orina producida, el perejil ayuda a limpiar las v\u00edas urinarias y a eliminar las bacterias responsables de la infecci\u00f3n. <\/p>\n\n\n\n<p>Tambi\u00e9n es rico en antioxidantes que favorecen la salud general del sistema urinario y fortalecen las defensas naturales del cuerpo. <\/p>\n\n\n\n<p>Se puede consumir en forma de infusi\u00f3n o a\u00f1adido a las comidas.<\/p>\n\n\n\n<p>Puede acceder al art\u00edculo completo <a href=\"https:\/\/botanicasaludable.com\/index.php\/de-la-m-z\/con-la-p\/perejil\/\" target=\"_blank\" rel=\"noopener\" title=\"\">aqu\u00ed.<\/a><\/p>\n<\/div>\n<\/div>\n\n\n\n<div style=\"height:100px\" aria-hidden=\"true\" class=\"wp-block-spacer\"><\/div>\n\n\n\n<h2 class=\"wp-block-heading has-text-align-center\"><mark style=\"background-color:rgba(0, 0, 0, 0)\" class=\"has-inline-color has-primary-color\">6. <strong>Tomillo<\/strong> ( Thymus Vulgaris)<\/mark><\/h2>\n\n\n\n<div class=\"wp-block-columns is-layout-flex wp-container-core-columns-layout-6 wp-block-columns-is-layout-flex\">\n<div class=\"wp-block-column is-layout-flow wp-block-column-is-layout-flow\">\n<figure class=\"wp-block-gallery has-nested-images columns-default is-cropped wp-block-gallery-6 is-layout-flex wp-block-gallery-is-layout-flex\">\n<figure class=\"wp-block-image size-large\"><a href=\"https:\/\/botanicasaludable.com\/index.php\/de-la-m-z\/con-la-t\/tomillo\/\"><img loading=\"lazy\" decoding=\"async\" width=\"281\" height=\"281\" src=\"https:\/\/botanicasaludable.com\/wp-content\/uploads\/2024\/09\/tomillo-edited-1.jpeg\" alt=\"\" class=\"wp-image-2403\" srcset=\"https:\/\/botanicasaludable.com\/wp-content\/uploads\/2024\/09\/tomillo-edited-1.jpeg 281w, https:\/\/botanicasaludable.com\/wp-content\/uploads\/2024\/09\/tomillo-edited-1-150x150.jpeg 150w\" sizes=\"(max-width: 281px) 100vw, 281px\" \/><\/a><\/figure>\n<\/figure>\n<\/div>\n\n\n\n<div class=\"wp-block-column is-layout-flow wp-block-column-is-layout-flow\">\n<p>El tomillo es una planta con propiedades antis\u00e9pticas y antiinflamatorias, lo que lo convierte en un excelente remedio natural para tratar la cistitis. <\/p>\n\n\n\n<p>Sus compuestos activos ayudan a combatir las bacterias que causan la infecci\u00f3n, mientras que su acci\u00f3n antiinflamatoria alivia el dolor y la irritaci\u00f3n en el tracto urinario. <\/p>\n\n\n\n<p>El tomillo tambi\u00e9n tiene un efecto diur\u00e9tico suave, que facilita la eliminaci\u00f3n de bacterias y toxinas del cuerpo. <\/p>\n\n\n\n<p>Se puede consumir en infusiones o como suplemento.<\/p>\n\n\n\n<p>Puede acceder al art\u00edculo completo <a href=\"https:\/\/botanicasaludable.com\/index.php\/de-la-m-z\/con-la-t\/tomillo\/\" target=\"_blank\" rel=\"noopener\" title=\"\">aqu\u00ed.<\/a><\/p>\n<\/div>\n<\/div>\n\n\n\n<div style=\"height:100px\" aria-hidden=\"true\" class=\"wp-block-spacer\"><\/div>\n\n\n\n<h2 class=\"wp-block-heading has-text-align-center\"><mark style=\"background-color:rgba(0, 0, 0, 0)\" class=\"has-inline-color has-primary-color\">7. <strong>Ortiga<\/strong> ( Urtica Dioica)<\/mark><\/h2>\n\n\n\n<div class=\"wp-block-columns is-layout-flex wp-container-core-columns-layout-7 wp-block-columns-is-layout-flex\">\n<div class=\"wp-block-column is-layout-flow wp-block-column-is-layout-flow\">\n<figure class=\"wp-block-gallery has-nested-images columns-default is-cropped wp-block-gallery-7 is-layout-flex wp-block-gallery-is-layout-flex\">\n<figure class=\"wp-block-image size-large\"><a href=\"https:\/\/botanicasaludable.com\/index.php\/de-la-m-z\/con-la-o\/ortiga\/\"><img loading=\"lazy\" decoding=\"async\" width=\"500\" height=\"500\" src=\"https:\/\/botanicasaludable.com\/wp-content\/uploads\/2024\/09\/ortiga-1-edited.jpeg\" alt=\"\" class=\"wp-image-2142\" srcset=\"https:\/\/botanicasaludable.com\/wp-content\/uploads\/2024\/09\/ortiga-1-edited.jpeg 500w, https:\/\/botanicasaludable.com\/wp-content\/uploads\/2024\/09\/ortiga-1-edited-300x300.jpeg 300w, https:\/\/botanicasaludable.com\/wp-content\/uploads\/2024\/09\/ortiga-1-edited-150x150.jpeg 150w\" sizes=\"(max-width: 500px) 100vw, 500px\" \/><\/a><\/figure>\n<\/figure>\n<\/div>\n\n\n\n<div class=\"wp-block-column is-layout-flow wp-block-column-is-layout-flow\">\n<p>La ortiga es otra planta medicinal que destaca por sus propiedades diur\u00e9ticas y antiinflamatorias, siendo muy eficaz en el tratamiento de la cistitis. <\/p>\n\n\n\n<p>Al estimular la producci\u00f3n de orina, la ortiga facilita la expulsi\u00f3n de bacterias del tracto urinario, aliviando los s\u00edntomas de la infecci\u00f3n. <\/p>\n\n\n\n<p>Adem\u00e1s, tiene un efecto calmante sobre el sistema urinario, ayudando a reducir el dolor y la inflamaci\u00f3n. <\/p>\n\n\n\n<p>Se consume com\u00fanmente en infusiones o en suplementos.<\/p>\n\n\n\n<p>Puede acceder al art\u00edculo completo <a href=\"https:\/\/botanicasaludable.com\/index.php\/de-la-m-z\/con-la-o\/ortiga\/\" target=\"_blank\" rel=\"noopener\" title=\"\">aqu\u00ed.<\/a><\/p>\n<\/div>\n<\/div>\n\n\n\n<div style=\"height:100px\" aria-hidden=\"true\" class=\"wp-block-spacer\"><\/div>\n\n\n\n<h2 class=\"wp-block-heading has-text-align-center\">TE PUEDE INTERESAR<\/h2>\n\n\n\n<div class=\"wp-block-columns is-layout-flex wp-container-core-columns-layout-8 wp-block-columns-is-layout-flex\">\n<div class=\"wp-block-column is-layout-flow wp-block-column-is-layout-flow\">\n<figure class=\"wp-block-embed is-type-wp-embed is-provider-botanicasaludable-com wp-block-embed-botanicasaludable-com\"><div class=\"wp-block-embed__wrapper\">\n<blockquote class=\"wp-embedded-content\" data-secret=\"abwndHVK86\"><a href=\"https:\/\/botanicasaludable.com\/index.php\/patologias\/bronquitis\/\">BRONQUITIS<\/a><\/blockquote><iframe class=\"wp-embedded-content\" sandbox=\"allow-scripts\" security=\"restricted\" style=\"position: absolute; clip: rect(1px, 1px, 1px, 1px);\" title=\"\u00abBRONQUITIS\u00bb \u2014 botanicasaludable.com\" src=\"https:\/\/botanicasaludable.com\/index.php\/patologias\/bronquitis\/embed\/#?secret=rcfhL5tQT1#?secret=abwndHVK86\" data-secret=\"abwndHVK86\" width=\"500\" height=\"282\" frameborder=\"0\" marginwidth=\"0\" marginheight=\"0\" scrolling=\"no\"><\/iframe>\n<\/div><\/figure>\n<\/div>\n\n\n\n<div class=\"wp-block-column is-layout-flow wp-block-column-is-layout-flow\">\n<figure class=\"wp-block-embed is-type-video is-provider-youtube wp-block-embed-youtube wp-embed-aspect-16-9 wp-has-aspect-ratio\"><div class=\"wp-block-embed__wrapper\">\n<iframe loading=\"lazy\" title=\"Propiedades medicinales del DIENTE DE LEON- FITOTERAPIA\" width=\"500\" height=\"281\" src=\"https:\/\/www.youtube.com\/embed\/WTsx-9y2F7A?feature=oembed\" frameborder=\"0\" allow=\"accelerometer; autoplay; clipboard-write; encrypted-media; gyroscope; picture-in-picture; web-share\" referrerpolicy=\"strict-origin-when-cross-origin\" allowfullscreen><\/iframe>\n<\/div><\/figure>\n<\/div>\n<\/div>\n\n\n\n<div style=\"height:100px\" aria-hidden=\"true\" class=\"wp-block-spacer\"><\/div>\n\n\n\n<h2 class=\"wp-block-heading has-text-align-center\">RECURSOS AUDIOVISUALES<\/h2>\n\n\n\n<ul>\n<li><a href=\"https:\/\/www.gbif.org\/occurrence\/4510354588\"><em>Arctostaphylos uva-ursi <\/em>(L.) Spreng. <\/a>Observed in United States of America by Suzanne Dingwell (licensed under <a href=\"http:\/\/creativecommons.org\/licenses\/by-nc\/4.0\/\">http:\/\/creativecommons.org\/licenses\/by-nc\/4.0\/<\/a>)<\/li>\n\n\n\n<li><a href=\"https:\/\/www.gbif.org\/es\/occurrence\/4596900845\"><em>Equisetum arvense&nbsp;<\/em>L.<\/a>&nbsp;Observado &nbsp;por chellebythesea&nbsp;(bajo una licencia <a href=\"http:\/\/creativecommons.org\/licenses\/by-nc\/4.0\/\">http:\/\/creativecommons.org\/licenses\/by-nc\/4.0\/<\/a>)<\/li>\n\n\n\n<li><a href=\"https:\/\/www.gbif.org\/occurrence\/4607413298\"><em>Vaccinium myrtillus <\/em>L. <\/a>Observed in Germany by kabelgat (licensed under <a href=\"http:\/\/creativecommons.org\/licenses\/by-nc\/4.0\/\">http:\/\/creativecommons.org\/licenses\/by-nc\/4.0\/<\/a>)<\/li>\n\n\n\n<li><a href=\"https:\/\/www.gbif.org\/occurrence\/4510101743\"><em><u>Taraxacum officinale&nbsp;<\/u><\/em><u>Weber ex F.H.Wigg.<\/u><\/a>&nbsp;Observed in Portugalby Daniel Petersen&nbsp;(licensed under&nbsp;<a href=\"http:\/\/creativecommons.org\/licenses\/by-nc\/4.0\/\"><u>http:\/\/creativecommons.org\/licenses\/by-nc\/4.0\/<\/u><\/a>)<\/li>\n\n\n\n<li><a href=\"https:\/\/www.gbif.org\/occurrence\/4852337174\"><em>Petroselinum crispum <\/em>(Mill.) Fuss<\/a> Observed in New Zealand by Julia Palmer (licensed under <a href=\"http:\/\/creativecommons.org\/licenses\/by\/4.0\/\">http:\/\/creativecommons.org\/licenses\/by\/4.0\/<\/a>)<\/li>\n\n\n\n<li><a href=\"https:\/\/www.gbif.org\/occurrence\/4512197440\"><em>Thymus vulgaris <\/em>L. <\/a>Observed in Spain by Josep Sais i Brucet (licensed under <a href=\"http:\/\/creativecommons.org\/licenses\/by-nc\/4.0\/\">http:\/\/creativecommons.org\/licenses\/by-nc\/4.0\/<\/a>)<\/li>\n\n\n\n<li><a href=\"https:\/\/www.gbif.org\/occurrence\/4512269065\"><em>Urtica dioica <\/em>L.<\/a> Observed in United States of America by Amelia Tauber (licensed under <a href=\"http:\/\/creativecommons.org\/licenses\/by\/4.0\/\">http:\/\/creativecommons.org\/licenses\/by\/4.0\/<\/a>)<\/li>\n<\/ul>\n\n\n\n<div style=\"height:100px\" aria-hidden=\"true\" class=\"wp-block-spacer\"><\/div>\n\n\n\n<p class=\"has-text-align-center has-vivid-red-color has-text-color has-link-color wp-elements-c29dafa3e7359af6c76fdb4422c20eb2\"><strong>DESCARGO DE RESPONSABILIDAD<\/strong><\/p>\n\n\n\n<p class=\"has-vivid-red-color has-text-color has-link-color wp-elements-b52e6d354cd1464648dc3c44bddc8234\">La informaci\u00f3n proporcionada en este canal, ya sea en forma de texto, audio, video u otro formato, tiene como \u00fanico prop\u00f3sito brindar informaci\u00f3n general y educativa. Esta informaci\u00f3n no pretende reemplazar el consejo, diagn\u00f3stico o tratamiento m\u00e9dico profesional. Antes de comenzar cualquier r\u00e9gimen de salud, cambio en la dieta o programa de ejercicios, es fundamental consultar con un profesional de la salud calificado.<\/p>\n\n\n\n<p class=\"has-vivid-red-color has-text-color has-link-color wp-elements-211bbeb194d9cbf0c4d8acaaf6602c0e\">Toda la informaci\u00f3n proporcionada en este canal se basa en fuentes cre\u00edbles y actualizadas, as\u00ed como en la mejor comprensi\u00f3n cient\u00edfica disponible en el momento de su publicaci\u00f3n. Sin embargo, no se puede garantizar la exactitud, integridad o idoneidad de esta informaci\u00f3n para cualquier prop\u00f3sito espec\u00edfico.<\/p>\n\n\n\n<p class=\"has-vivid-red-color has-text-color has-link-color wp-elements-1d213c6748f0375356c69824f35d91d4\">El uso o aplicaci\u00f3n de cualquier informaci\u00f3n contenida en este canal es responsabilidad exclusiva del usuario. El propietario y los colaboradores de este canal no asumen ninguna responsabilidad por cualquier p\u00e9rdida, lesi\u00f3n o da\u00f1o resultante del uso indebido o interpretaci\u00f3n de la informaci\u00f3n proporcionada.<\/p>\n\n\n\n<p class=\"has-vivid-red-color has-text-color has-link-color wp-elements-ba96cc967e125a074e05d901b89a68ba\">Se recomienda encarecidamente buscar el consejo de un profesional de la salud cualificado antes de tomar cualquier decisi\u00f3n relacionada con su salud o bienestar. Nunca desatienda el consejo m\u00e9dico profesional ni retrase la b\u00fasqueda de atenci\u00f3n m\u00e9dica debido a algo que haya le\u00eddo, escuchado o visto en este canal.<\/p>\n\n\n\n<div style=\"height:100px\" aria-hidden=\"true\" class=\"wp-block-spacer\"><\/div>\n\n\n\n<div class=\"wp-block-columns is-layout-flex wp-container-core-columns-layout-9 wp-block-columns-is-layout-flex\">\n<div class=\"wp-block-column is-layout-flow wp-block-column-is-layout-flow\"><\/div>\n\n\n\n<div class=\"wp-block-column is-layout-flow wp-block-column-is-layout-flow\">\n<figure class=\"wp-block-gallery has-nested-images columns-default is-cropped wp-block-gallery-8 is-layout-flex wp-block-gallery-is-layout-flex\">\n<figure class=\"wp-block-image size-large\"><a href=\"https:\/\/www.youtube.com\/@Botanicasaludable\"><img loading=\"lazy\" decoding=\"async\" width=\"1024\" height=\"576\" src=\"https:\/\/botanicasaludable.com\/wp-content\/uploads\/2025\/01\/Botanica3-1024x576.png\" alt=\"\" class=\"wp-image-4443\" srcset=\"https:\/\/botanicasaludable.com\/wp-content\/uploads\/2025\/01\/Botanica3-1024x576.png 1024w, https:\/\/botanicasaludable.com\/wp-content\/uploads\/2025\/01\/Botanica3-300x169.png 300w, https:\/\/botanicasaludable.com\/wp-content\/uploads\/2025\/01\/Botanica3-768x432.png 768w, https:\/\/botanicasaludable.com\/wp-content\/uploads\/2025\/01\/Botanica3-1536x864.png 1536w, https:\/\/botanicasaludable.com\/wp-content\/uploads\/2025\/01\/Botanica3.png 1920w\" sizes=\"(max-width: 1024px) 100vw, 1024px\" \/><\/a><\/figure>\n<\/figure>\n<\/div>\n\n\n\n<div class=\"wp-block-column is-layout-flow wp-block-column-is-layout-flow\"><\/div>\n<\/div>\n","protected":false},"excerpt":{"rendered":"<p>Las Mejores Plantas Medicinales para Tratar la Cistitis La cistitis es una infecci\u00f3n urinaria com\u00fan que afecta principalmente a las mujeres, causando dolor y ardor al orinar, urgencia frecuente, y malestar general. Aunque los antibi\u00f3ticos suelen ser la primera l\u00ednea de tratamiento, el uso de plantas medicinales puede ser una excelente alternativa o complemento natural, [&hellip;]<\/p>\n","protected":false},"author":1,"featured_media":0,"parent":226,"menu_order":14,"comment_status":"closed","ping_status":"closed","template":"","meta":{"om_disable_all_campaigns":false,"_monsterinsights_skip_tracking":false,"_monsterinsights_sitenote_active":false,"_monsterinsights_sitenote_note":"","_monsterinsights_sitenote_category":0,"_uf_show_specific_survey":0,"_uf_disable_surveys":false,"footnotes":""},"aioseo_notices":[],"_links":{"self":[{"href":"https:\/\/botanicasaludable.com\/index.php\/wp-json\/wp\/v2\/pages\/1024"}],"collection":[{"href":"https:\/\/botanicasaludable.com\/index.php\/wp-json\/wp\/v2\/pages"}],"about":[{"href":"https:\/\/botanicasaludable.com\/index.php\/wp-json\/wp\/v2\/types\/page"}],"author":[{"embeddable":true,"href":"https:\/\/botanicasaludable.com\/index.php\/wp-json\/wp\/v2\/users\/1"}],"replies":[{"embeddable":true,"href":"https:\/\/botanicasaludable.com\/index.php\/wp-json\/wp\/v2\/comments?post=1024"}],"version-history":[{"count":4,"href":"https:\/\/botanicasaludable.com\/index.php\/wp-json\/wp\/v2\/pages\/1024\/revisions"}],"predecessor-version":[{"id":4893,"href":"https:\/\/botanicasaludable.com\/index.php\/wp-json\/wp\/v2\/pages\/1024\/revisions\/4893"}],"up":[{"embeddable":true,"href":"https:\/\/botanicasaludable.com\/index.php\/wp-json\/wp\/v2\/pages\/226"}],"wp:attachment":[{"href":"https:\/\/botanicasaludable.com\/index.php\/wp-json\/wp\/v2\/media?parent=1024"}],"curies":[{"name":"wp","href":"https:\/\/api.w.org\/{rel}","templated":true}]}}