{"id":23,"date":"2024-03-09T20:04:32","date_gmt":"2024-03-09T19:04:32","guid":{"rendered":"https:\/\/botanicasaludable.com\/?page_id=23"},"modified":"2025-06-30T17:32:22","modified_gmt":"2025-06-30T15:32:22","slug":"por-orden-alfabetico","status":"publish","type":"page","link":"https:\/\/botanicasaludable.com\/index.php\/por-orden-alfabetico\/","title":{"rendered":"INICIO"},"content":{"rendered":"\n<h1 class=\"wp-block-heading has-text-align-center\"><mark style=\"background-color:rgba(0, 0, 0, 0)\" class=\"has-inline-color has-primary-color\">Bienvenidos a Bot\u00e1nica Saludable <\/mark><\/h1>\n\n\n\n<h3 class=\"wp-block-heading has-text-align-center\">Descubre con nosotros el Maravilloso Mundo de las Plantas<\/h3>\n\n\n\n<p>En Bot\u00e1nica Saludable, te invitamos a explorar la incre\u00edble diversidad y riqueza de las plantas. Desde tiempos inmemoriales, las plantas han sido fundamentales para la vida en la Tierra, proporcionando alimento, medicina, refugio y belleza a nuestro entorno.<\/p>\n\n\n\n<hr class=\"wp-block-separator has-alpha-channel-opacity\"\/>\n\n\n\n<h3 class=\"wp-block-heading has-text-align-center\">\u00bfQu\u00e9 encontrar\u00e1s en nuestra web?<\/h3>\n\n\n\n<ul>\n<li><strong>Propiedades Medicinales<\/strong>: Conoce las plantas que pueden ayudar a mejorar tu salud y bienestar. Desde remedios ancestrales hasta descubrimientos modernos, descubre c\u00f3mo la naturaleza nos ofrece soluciones para diversas dolencias.<\/li>\n\n\n\n<li><strong>Caracter\u00edsticas y Usos<\/strong>: Aprende sobre las diferentes caracter\u00edsticas de cada planta, sus usos tradicionales y contempor\u00e1neos, y c\u00f3mo pueden integrarse en tu vida diaria.<\/li>\n\n\n\n<li><strong>Relaci\u00f3n con la Medicina China<\/strong>: Descubre c\u00f3mo la medicina tradicional china ha utilizado las plantas durante siglos para tratar enfermedades y promover el equilibrio y la salud. Explora los principios y pr\u00e1cticas que subyacen a esta antigua tradici\u00f3n.<\/li>\n\n\n\n<li><strong>Estudios Cient\u00edficos<\/strong>: Inf\u00f3rmate sobre los estudios cient\u00edficos m\u00e1s recientes que respaldan el uso tradicional de las plantas. Descubre c\u00f3mo la ciencia moderna valida y expande nuestro conocimiento sobre las propiedades y beneficios de las plantas medicinales.<\/li>\n<\/ul>\n\n\n\n<hr class=\"wp-block-separator has-alpha-channel-opacity\"\/>\n\n\n\n<h3 class=\"wp-block-heading has-text-align-center\">Nuestra Misi\u00f3n<\/h3>\n\n\n\n<p>Nuestra misi\u00f3n es compartir el conocimiento sobre las plantas y su importancia para la salud, el bienestar y el medio ambiente. Creemos en el poder de la educaci\u00f3n y la informaci\u00f3n para fomentar un mayor respeto y aprecio por la naturaleza.<\/p>\n\n\n\n<hr class=\"wp-block-separator has-alpha-channel-opacity\"\/>\n\n\n\n<h3 class=\"wp-block-heading has-text-align-center\">\u00danete a Nuestra Comunidad<\/h3>\n\n\n\n<p>Te invitamos a unirte a nuestra comunidad de amantes de las plantas. Comparte tus experiencias, aprende de otros apasionados y participa en nuestras iniciativas para promover el amor y el respeto por el mundo vegetal.<\/p>\n\n\n\n<p>Gracias por visitarnos y esperamos que disfrutes de tu recorrido por el maravilloso mundo de las plantas.<\/p>\n\n\n\n<div class=\"wp-block-columns is-layout-flex wp-container-core-columns-layout-1 wp-block-columns-is-layout-flex\">\n<div class=\"wp-block-column is-layout-flow wp-block-column-is-layout-flow\"><\/div>\n\n\n\n<div class=\"wp-block-column is-layout-flow wp-block-column-is-layout-flow\">\n<figure class=\"wp-block-gallery has-nested-images columns-default is-cropped wp-block-gallery-1 is-layout-flex wp-block-gallery-is-layout-flex\">\n<figure class=\"wp-block-image size-large\"><a href=\"https:\/\/botanicasaludable.com\/\"><img loading=\"lazy\" decoding=\"async\" width=\"1024\" height=\"576\" src=\"https:\/\/botanicasaludable.com\/wp-content\/uploads\/2025\/05\/botanica-saludable-youtube-1-1024x576.jpeg\" alt=\"\" class=\"wp-image-4960\" srcset=\"https:\/\/botanicasaludable.com\/wp-content\/uploads\/2025\/05\/botanica-saludable-youtube-1-1024x576.jpeg 1024w, https:\/\/botanicasaludable.com\/wp-content\/uploads\/2025\/05\/botanica-saludable-youtube-1-300x169.jpeg 300w, https:\/\/botanicasaludable.com\/wp-content\/uploads\/2025\/05\/botanica-saludable-youtube-1-768x432.jpeg 768w, https:\/\/botanicasaludable.com\/wp-content\/uploads\/2025\/05\/botanica-saludable-youtube-1-1536x864.jpeg 1536w, https:\/\/botanicasaludable.com\/wp-content\/uploads\/2025\/05\/botanica-saludable-youtube-1.jpeg 1920w\" sizes=\"(max-width: 1024px) 100vw, 1024px\" \/><\/a><\/figure>\n<\/figure>\n<\/div>\n\n\n\n<div class=\"wp-block-column is-layout-flow wp-block-column-is-layout-flow\"><\/div>\n<\/div>\n\n\n\n<p><\/p>\n\n\n\n<p><\/p>\n","protected":false},"excerpt":{"rendered":"<p>Bienvenidos a Bot\u00e1nica Saludable Descubre con nosotros el Maravilloso Mundo de las Plantas En Bot\u00e1nica Saludable, te invitamos a explorar la incre\u00edble diversidad y riqueza de las plantas. Desde tiempos inmemoriales, las plantas han sido fundamentales para la vida en la Tierra, proporcionando alimento, medicina, refugio y belleza a nuestro entorno. \u00bfQu\u00e9 encontrar\u00e1s en nuestra [&hellip;]<\/p>\n","protected":false},"author":1,"featured_media":0,"parent":0,"menu_order":0,"comment_status":"closed","ping_status":"closed","template":"","meta":{"om_disable_all_campaigns":false,"_monsterinsights_skip_tracking":false,"_monsterinsights_sitenote_active":false,"_monsterinsights_sitenote_note":"","_monsterinsights_sitenote_category":0,"_uf_show_specific_survey":0,"_uf_disable_surveys":false,"footnotes":""},"aioseo_notices":[],"_links":{"self":[{"href":"https:\/\/botanicasaludable.com\/index.php\/wp-json\/wp\/v2\/pages\/23"}],"collection":[{"href":"https:\/\/botanicasaludable.com\/index.php\/wp-json\/wp\/v2\/pages"}],"about":[{"href":"https:\/\/botanicasaludable.com\/index.php\/wp-json\/wp\/v2\/types\/page"}],"author":[{"embeddable":true,"href":"https:\/\/botanicasaludable.com\/index.php\/wp-json\/wp\/v2\/users\/1"}],"replies":[{"embeddable":true,"href":"https:\/\/botanicasaludable.com\/index.php\/wp-json\/wp\/v2\/comments?post=23"}],"version-history":[{"count":22,"href":"https:\/\/botanicasaludable.com\/index.php\/wp-json\/wp\/v2\/pages\/23\/revisions"}],"predecessor-version":[{"id":4972,"href":"https:\/\/botanicasaludable.com\/index.php\/wp-json\/wp\/v2\/pages\/23\/revisions\/4972"}],"wp:attachment":[{"href":"https:\/\/botanicasaludable.com\/index.php\/wp-json\/wp\/v2\/media?parent=23"}],"curies":[{"name":"wp","href":"https:\/\/api.w.org\/{rel}","templated":true}]}}