{"id":755,"date":"2024-05-16T11:48:06","date_gmt":"2024-05-16T09:48:06","guid":{"rendered":"https:\/\/botanicasaludable.com\/?page_id=755"},"modified":"2025-06-30T17:35:02","modified_gmt":"2025-06-30T15:35:02","slug":"nota-legal","status":"publish","type":"page","link":"https:\/\/botanicasaludable.com\/index.php\/nota-legal\/","title":{"rendered":"NOTA LEGAL"},"content":{"rendered":"\n<h2 class=\"wp-block-heading has-text-align-center\"><strong>Nota Legal <\/strong><\/h2>\n\n\n\n<h2 class=\"wp-block-heading has-text-align-center\"><strong><mark style=\"background-color:rgba(0, 0, 0, 0)\" class=\"has-inline-color has-primary-color\">BOT\u00c1NICA<\/mark><\/strong> <strong><mark style=\"background-color:rgba(0, 0, 0, 0)\" class=\"has-inline-color has-primary-color\">SALUDABLE<\/mark><\/strong><\/h2>\n\n\n\n<hr class=\"wp-block-separator has-alpha-channel-opacity\"\/>\n\n\n\n<ul>\n<li><strong>Prop\u00f3sito y Alcance:<\/strong> La presente p\u00e1gina web tiene como objetivo proporcionar informaci\u00f3n educativa y divulgativa sobre plantas medicinales, sus propiedades, usos tradicionales y potenciales beneficios para la salud. No tiene como fin promover la venta de ning\u00fan producto ni sustituir el asesoramiento m\u00e9dico profesional.<\/li>\n\n\n\n<li><strong>Informaci\u00f3n y Referencias:<\/strong> Toda la informaci\u00f3n contenida en este sitio web se proporciona de buena fe y se basa en fuentes cre\u00edbles y cient\u00edficas, as\u00ed como en la tradici\u00f3n popular en cuanto al uso de plantas medicinales. Sin embargo, los lectores deben tener en cuenta que la informaci\u00f3n aqu\u00ed proporcionada no constituye asesoramiento m\u00e9dico profesional y no debe ser utilizada como tal. Se recomienda encarecidamente que los usuarios consulten a un profesional de la salud calificado antes de iniciar cualquier tratamiento basado en la informaci\u00f3n proporcionada en este sitio.<\/li>\n\n\n\n<li><strong>Responsabilidad del Usuario:<\/strong> Los usuarios de este sitio web asumen toda la responsabilidad por el uso que hagan de la informaci\u00f3n proporcionada. La administraci\u00f3n de la p\u00e1gina no se hace responsable de ning\u00fan da\u00f1o, p\u00e9rdida o lesi\u00f3n resultante del uso indebido de la informaci\u00f3n contenida en este sitio web.<\/li>\n\n\n\n<li><strong>Propiedad Intelectual:<\/strong> Todos los derechos de propiedad intelectual sobre el contenido de este sitio web, incluidos, entre otros, los textos, im\u00e1genes, gr\u00e1ficos, logotipos y otros materiales, son propiedad de sus respectivos propietarios, a menos que se indique lo contrario. Queda estrictamente prohibida la reproducci\u00f3n, distribuci\u00f3n o modificaci\u00f3n de cualquier parte del contenido de este sitio sin el consentimiento previo por escrito de los propietarios.<\/li>\n\n\n\n<li><strong>Enlaces Externos:<\/strong> Este sitio web puede contener enlaces a sitios web de terceros. Estos enlaces se proporcionan \u00fanicamente como una conveniencia para los usuarios, y la inclusi\u00f3n de cualquier enlace no implica necesariamente una aprobaci\u00f3n por parte de la administraci\u00f3n de este sitio web. La administraci\u00f3n de este sitio no se hace responsable del contenido de los sitios web enlazados ni de cualquier da\u00f1o o p\u00e9rdida resultante del uso de dichos sitios.<\/li>\n\n\n\n<li><strong>Modificaciones:<\/strong> La administraci\u00f3n de este sitio web se reserva el derecho de modificar, enmendar o eliminar cualquier parte de esta nota legal en cualquier momento y sin previo aviso. Se recomienda a los usuarios que revisen peri\u00f3dicamente esta nota legal para estar al tanto de cualquier cambio.<\/li>\n\n\n\n<li><strong>Aceptaci\u00f3n de los T\u00e9rminos:<\/strong> El acceso y uso continuado de este sitio web constituyen la aceptaci\u00f3n de todos los t\u00e9rminos y condiciones establecidos en esta nota legal.<\/li>\n<\/ul>\n\n\n\n<div style=\"height:100px\" aria-hidden=\"true\" class=\"wp-block-spacer\"><\/div>\n\n\n\n<p>Si tienes alguna pregunta sobre esta nota legal, no dudes en ponerte en contacto con nosotros a trav\u00e9s de la informaci\u00f3n de contacto proporcionada en este sitio web o a trav\u00e9s del siguiente correo electr\u00f3nico info@botanicasaludable.com<\/p>\n\n\n\n<p>Fecha de \u00faltima actualizaci\u00f3n: 16 de Mayo de 2024<\/p>\n\n\n\n<ul class=\"wp-block-social-links is-content-justification-center is-layout-flex wp-container-core-social-links-layout-1 wp-block-social-links-is-layout-flex\"><li class=\"wp-social-link wp-social-link-tiktok  wp-block-social-link\"><a href=\"https:\/\/www.tiktok.com\/@botanicasaludable\" class=\"wp-block-social-link-anchor\"><svg width=\"24\" height=\"24\" viewBox=\"0 0 32 32\" version=\"1.1\" xmlns=\"http:\/\/www.w3.org\/2000\/svg\" aria-hidden=\"true\" focusable=\"false\"><path d=\"M16.708 0.027c1.745-0.027 3.48-0.011 5.213-0.027 0.105 2.041 0.839 4.12 2.333 5.563 1.491 1.479 3.6 2.156 5.652 2.385v5.369c-1.923-0.063-3.855-0.463-5.6-1.291-0.76-0.344-1.468-0.787-2.161-1.24-0.009 3.896 0.016 7.787-0.025 11.667-0.104 1.864-0.719 3.719-1.803 5.255-1.744 2.557-4.771 4.224-7.88 4.276-1.907 0.109-3.812-0.411-5.437-1.369-2.693-1.588-4.588-4.495-4.864-7.615-0.032-0.667-0.043-1.333-0.016-1.984 0.24-2.537 1.495-4.964 3.443-6.615 2.208-1.923 5.301-2.839 8.197-2.297 0.027 1.975-0.052 3.948-0.052 5.923-1.323-0.428-2.869-0.308-4.025 0.495-0.844 0.547-1.485 1.385-1.819 2.333-0.276 0.676-0.197 1.427-0.181 2.145 0.317 2.188 2.421 4.027 4.667 3.828 1.489-0.016 2.916-0.88 3.692-2.145 0.251-0.443 0.532-0.896 0.547-1.417 0.131-2.385 0.079-4.76 0.095-7.145 0.011-5.375-0.016-10.735 0.025-16.093z\" \/><\/svg><span class=\"wp-block-social-link-label screen-reader-text\">TikTok<\/span><\/a><\/li>\n\n<li class=\"wp-social-link wp-social-link-instagram  wp-block-social-link\"><a href=\"https:\/\/www.instagram.com\/botanicasaludable2024\/?igsh=MXZraGRyOTJiMTIwcA%3D%3D\" class=\"wp-block-social-link-anchor\"><svg width=\"24\" height=\"24\" viewBox=\"0 0 24 24\" version=\"1.1\" xmlns=\"http:\/\/www.w3.org\/2000\/svg\" aria-hidden=\"true\" focusable=\"false\"><path d=\"M12,4.622c2.403,0,2.688,0.009,3.637,0.052c0.877,0.04,1.354,0.187,1.671,0.31c0.42,0.163,0.72,0.358,1.035,0.673 c0.315,0.315,0.51,0.615,0.673,1.035c0.123,0.317,0.27,0.794,0.31,1.671c0.043,0.949,0.052,1.234,0.052,3.637 s-0.009,2.688-0.052,3.637c-0.04,0.877-0.187,1.354-0.31,1.671c-0.163,0.42-0.358,0.72-0.673,1.035 c-0.315,0.315-0.615,0.51-1.035,0.673c-0.317,0.123-0.794,0.27-1.671,0.31c-0.949,0.043-1.233,0.052-3.637,0.052 s-2.688-0.009-3.637-0.052c-0.877-0.04-1.354-0.187-1.671-0.31c-0.42-0.163-0.72-0.358-1.035-0.673 c-0.315-0.315-0.51-0.615-0.673-1.035c-0.123-0.317-0.27-0.794-0.31-1.671C4.631,14.688,4.622,14.403,4.622,12 s0.009-2.688,0.052-3.637c0.04-0.877,0.187-1.354,0.31-1.671c0.163-0.42,0.358-0.72,0.673-1.035 c0.315-0.315,0.615-0.51,1.035-0.673c0.317-0.123,0.794-0.27,1.671-0.31C9.312,4.631,9.597,4.622,12,4.622 M12,3 C9.556,3,9.249,3.01,8.289,3.054C7.331,3.098,6.677,3.25,6.105,3.472C5.513,3.702,5.011,4.01,4.511,4.511 c-0.5,0.5-0.808,1.002-1.038,1.594C3.25,6.677,3.098,7.331,3.054,8.289C3.01,9.249,3,9.556,3,12c0,2.444,0.01,2.751,0.054,3.711 c0.044,0.958,0.196,1.612,0.418,2.185c0.23,0.592,0.538,1.094,1.038,1.594c0.5,0.5,1.002,0.808,1.594,1.038 c0.572,0.222,1.227,0.375,2.185,0.418C9.249,20.99,9.556,21,12,21s2.751-0.01,3.711-0.054c0.958-0.044,1.612-0.196,2.185-0.418 c0.592-0.23,1.094-0.538,1.594-1.038c0.5-0.5,0.808-1.002,1.038-1.594c0.222-0.572,0.375-1.227,0.418-2.185 C20.99,14.751,21,14.444,21,12s-0.01-2.751-0.054-3.711c-0.044-0.958-0.196-1.612-0.418-2.185c-0.23-0.592-0.538-1.094-1.038-1.594 c-0.5-0.5-1.002-0.808-1.594-1.038c-0.572-0.222-1.227-0.375-2.185-0.418C14.751,3.01,14.444,3,12,3L12,3z M12,7.378 c-2.552,0-4.622,2.069-4.622,4.622S9.448,16.622,12,16.622s4.622-2.069,4.622-4.622S14.552,7.378,12,7.378z M12,15 c-1.657,0-3-1.343-3-3s1.343-3,3-3s3,1.343,3,3S13.657,15,12,15z M16.804,6.116c-0.596,0-1.08,0.484-1.08,1.08 s0.484,1.08,1.08,1.08c0.596,0,1.08-0.484,1.08-1.08S17.401,6.116,16.804,6.116z\"><\/path><\/svg><span class=\"wp-block-social-link-label screen-reader-text\">Instagram<\/span><\/a><\/li>\n\n<li class=\"wp-social-link wp-social-link-youtube  wp-block-social-link\"><a href=\"https:\/\/www.youtube.com\/channel\/UCfpFCTSzGTOrNs9yKG3K40g\" class=\"wp-block-social-link-anchor\"><svg width=\"24\" height=\"24\" viewBox=\"0 0 24 24\" version=\"1.1\" xmlns=\"http:\/\/www.w3.org\/2000\/svg\" aria-hidden=\"true\" focusable=\"false\"><path d=\"M21.8,8.001c0,0-0.195-1.378-0.795-1.985c-0.76-0.797-1.613-0.801-2.004-0.847c-2.799-0.202-6.997-0.202-6.997-0.202 h-0.009c0,0-4.198,0-6.997,0.202C4.608,5.216,3.756,5.22,2.995,6.016C2.395,6.623,2.2,8.001,2.2,8.001S2,9.62,2,11.238v1.517 c0,1.618,0.2,3.237,0.2,3.237s0.195,1.378,0.795,1.985c0.761,0.797,1.76,0.771,2.205,0.855c1.6,0.153,6.8,0.201,6.8,0.201 s4.203-0.006,7.001-0.209c0.391-0.047,1.243-0.051,2.004-0.847c0.6-0.607,0.795-1.985,0.795-1.985s0.2-1.618,0.2-3.237v-1.517 C22,9.62,21.8,8.001,21.8,8.001z M9.935,14.594l-0.001-5.62l5.404,2.82L9.935,14.594z\"><\/path><\/svg><span class=\"wp-block-social-link-label screen-reader-text\">YouTube<\/span><\/a><\/li>\n\n<li class=\"wp-social-link wp-social-link-telegram  wp-block-social-link\"><a href=\"https:\/\/t.me\/botanicasaludable\" class=\"wp-block-social-link-anchor\"><svg width=\"24\" height=\"24\" viewBox=\"0 0 128 128\" version=\"1.1\" xmlns=\"http:\/\/www.w3.org\/2000\/svg\" aria-hidden=\"true\" focusable=\"false\"><path d=\"M28.9700376,63.3244248 C47.6273373,55.1957357 60.0684594,49.8368063 66.2934036,47.2476366 C84.0668845,39.855031 87.7600616,38.5708563 90.1672227,38.528 C90.6966555,38.5191258 91.8804274,38.6503351 92.6472251,39.2725385 C93.294694,39.7979149 93.4728387,40.5076237 93.5580865,41.0057381 C93.6433345,41.5038525 93.7494885,42.63857 93.6651041,43.5252052 C92.7019529,53.6451182 88.5344133,78.2034783 86.4142057,89.5379542 C85.5170662,94.3339958 83.750571,95.9420841 82.0403991,96.0994568 C78.3237996,96.4414641 75.5015827,93.6432685 71.9018743,91.2836143 C66.2690414,87.5912212 63.0868492,85.2926952 57.6192095,81.6896017 C51.3004058,77.5256038 55.3966232,75.2369981 58.9976911,71.4967761 C59.9401076,70.5179421 76.3155302,55.6232293 76.6324771,54.2720454 C76.6721165,54.1030573 76.7089039,53.4731496 76.3346867,53.1405352 C75.9604695,52.8079208 75.4081573,52.921662 75.0095933,53.0121213 C74.444641,53.1403447 65.4461175,59.0880351 48.0140228,70.8551922 C45.4598218,72.6091037 43.1463059,73.4636682 41.0734751,73.4188859 C38.7883453,73.3695169 34.3926725,72.1268388 31.1249416,71.0646282 C27.1169366,69.7617838 23.931454,69.0729605 24.208838,66.8603276 C24.3533167,65.7078514 25.9403832,64.5292172 28.9700376,63.3244248 Z\" \/><\/svg><span class=\"wp-block-social-link-label screen-reader-text\">Telegram<\/span><\/a><\/li>\n\n<li class=\"wp-social-link wp-social-link-facebook  wp-block-social-link\"><a href=\"https:\/\/www.facebook.com\/groups\/268185382309505\" class=\"wp-block-social-link-anchor\"><svg width=\"24\" height=\"24\" viewBox=\"0 0 24 24\" version=\"1.1\" xmlns=\"http:\/\/www.w3.org\/2000\/svg\" aria-hidden=\"true\" focusable=\"false\"><path d=\"M12 2C6.5 2 2 6.5 2 12c0 5 3.7 9.1 8.4 9.9v-7H7.9V12h2.5V9.8c0-2.5 1.5-3.9 3.8-3.9 1.1 0 2.2.2 2.2.2v2.5h-1.3c-1.2 0-1.6.8-1.6 1.6V12h2.8l-.4 2.9h-2.3v7C18.3 21.1 22 17 22 12c0-5.5-4.5-10-10-10z\"><\/path><\/svg><span class=\"wp-block-social-link-label screen-reader-text\">Facebook<\/span><\/a><\/li><\/ul>\n\n\n\n<div style=\"height:100px\" aria-hidden=\"true\" class=\"wp-block-spacer\"><\/div>\n\n\n\n<div class=\"wp-block-columns is-layout-flex wp-container-core-columns-layout-1 wp-block-columns-is-layout-flex\">\n<div class=\"wp-block-column is-layout-flow wp-block-column-is-layout-flow\"><\/div>\n\n\n\n<div class=\"wp-block-column is-layout-flow wp-block-column-is-layout-flow\">\n<figure class=\"wp-block-gallery has-nested-images columns-default is-cropped wp-block-gallery-1 is-layout-flex wp-block-gallery-is-layout-flex\">\n<figure class=\"wp-block-image size-large\"><a href=\"https:\/\/botanicasaludable.com\/\"><img loading=\"lazy\" decoding=\"async\" width=\"1024\" height=\"576\" src=\"https:\/\/botanicasaludable.com\/wp-content\/uploads\/2025\/05\/botanica-saludable-youtube-1-1024x576.jpeg\" alt=\"\" class=\"wp-image-4960\" srcset=\"https:\/\/botanicasaludable.com\/wp-content\/uploads\/2025\/05\/botanica-saludable-youtube-1-1024x576.jpeg 1024w, https:\/\/botanicasaludable.com\/wp-content\/uploads\/2025\/05\/botanica-saludable-youtube-1-300x169.jpeg 300w, https:\/\/botanicasaludable.com\/wp-content\/uploads\/2025\/05\/botanica-saludable-youtube-1-768x432.jpeg 768w, https:\/\/botanicasaludable.com\/wp-content\/uploads\/2025\/05\/botanica-saludable-youtube-1-1536x864.jpeg 1536w, https:\/\/botanicasaludable.com\/wp-content\/uploads\/2025\/05\/botanica-saludable-youtube-1.jpeg 1920w\" sizes=\"(max-width: 1024px) 100vw, 1024px\" \/><\/a><\/figure>\n<\/figure>\n<\/div>\n\n\n\n<div class=\"wp-block-column is-layout-flow wp-block-column-is-layout-flow\"><\/div>\n<\/div>\n","protected":false},"excerpt":{"rendered":"<p>Nota Legal BOT\u00c1NICA SALUDABLE Si tienes alguna pregunta sobre esta nota legal, no dudes en ponerte en contacto con nosotros a trav\u00e9s de la informaci\u00f3n de contacto proporcionada en este sitio web o a trav\u00e9s del siguiente correo electr\u00f3nico info@botanicasaludable.com Fecha de \u00faltima actualizaci\u00f3n: 16 de Mayo de 2024<\/p>\n","protected":false},"author":1,"featured_media":0,"parent":0,"menu_order":0,"comment_status":"closed","ping_status":"closed","template":"","meta":{"om_disable_all_campaigns":false,"_monsterinsights_skip_tracking":false,"_monsterinsights_sitenote_active":false,"_monsterinsights_sitenote_note":"","_monsterinsights_sitenote_category":0,"_uf_show_specific_survey":0,"_uf_disable_surveys":false,"footnotes":""},"aioseo_notices":[],"_links":{"self":[{"href":"https:\/\/botanicasaludable.com\/index.php\/wp-json\/wp\/v2\/pages\/755"}],"collection":[{"href":"https:\/\/botanicasaludable.com\/index.php\/wp-json\/wp\/v2\/pages"}],"about":[{"href":"https:\/\/botanicasaludable.com\/index.php\/wp-json\/wp\/v2\/types\/page"}],"author":[{"embeddable":true,"href":"https:\/\/botanicasaludable.com\/index.php\/wp-json\/wp\/v2\/users\/1"}],"replies":[{"embeddable":true,"href":"https:\/\/botanicasaludable.com\/index.php\/wp-json\/wp\/v2\/comments?post=755"}],"version-history":[{"count":11,"href":"https:\/\/botanicasaludable.com\/index.php\/wp-json\/wp\/v2\/pages\/755\/revisions"}],"predecessor-version":[{"id":4973,"href":"https:\/\/botanicasaludable.com\/index.php\/wp-json\/wp\/v2\/pages\/755\/revisions\/4973"}],"wp:attachment":[{"href":"https:\/\/botanicasaludable.com\/index.php\/wp-json\/wp\/v2\/media?parent=755"}],"curies":[{"name":"wp","href":"https:\/\/api.w.org\/{rel}","templated":true}]}}